{"id":823,"date":"2020-03-03T12:55:23","date_gmt":"2020-03-03T11:55:23","guid":{"rendered":"https:\/\/sustreat.eu\/sustreat\/"},"modified":"2022-11-25T10:55:14","modified_gmt":"2022-11-25T09:55:14","slug":"sustreat","status":"publish","type":"page","link":"https:\/\/sustreat.eu\/en\/","title":{"rendered":"SusTreat"},"content":{"rendered":"\n<h2>\n\t\tSusTreat &#8211;  energieautarke Kl\u00e4rschlammbehandlung\n\t<\/h2>\n\t<p>Demonstration eines neuen L\u00f6sungsansatzes zur vollst\u00e4ndigen Erschlie\u00dfung und Nutzung der abwasser- und kl\u00e4rschlammimmanenten Energiepotenziale in kommunalen Kl\u00e4ranlagen.<\/p>\n\t<a href=\"https:\/\/sustreat.eu\/en\/sustreat-goals-technology\/\" target=\"_self\" role=\"button\" aria-label=\"Mehr zum Projekt\" rel=\"noopener\">\n\t\t\t\t\t\tMehr zum Projekt\n\t\t\t\t\t<\/a>\n<h2>\n\t\tEU-gef\u00f6rdertes Pilotprojekt\n\t<\/h2>\n\tDie EU f\u00f6rdert das Pilotprojekt<br \/>\nim Rahmen des <a href=\"https:\/\/ec.europa.eu\/easme\/en\/life\" target=\"_blank\" rel=\"noopener\">&#8220;Life+&#8221;- Programms<\/a> mit \u00fcber 2 Millionen Euro\n\t<p><img loading=\"lazy\" decoding=\"async\" src=\"https:\/\/sustreat.eu\/wp-content\/uploads\/2020\/03\/baufortschritt-webcam-slow.gif\" alt=\"Baufortschritt Webcam Slow\" width=\"900\" height=\"600\" \/><\/p>\n\t\t\t\t\t\t\t\t<a href=\"https:\/\/sustreat.eu\/en\/sustreat-goals-technology\/\" target=\"_self\" rel=\"noopener\">\n\t\t\t\t\t\t<\/a>\n\t\t<h3><a href=\"https:\/\/sustreat.eu\/en\/sustreat-goals-technology\/\" target=\"_self\" rel=\"noopener\">Projektbeschreibung<\/a><\/h3>\t\t\n\t\t\t<p>Lesen Sie alles \u00fcber die Ziele, die Technik und das Energiekonzept des SusTreat Projektes.<\/p>\n<a href=\"https:\/\/sustreat.eu\/en\/sustreat-goals-technology\/\" target=\"_self\" rel=\"noopener\">ZUM PROJEKT<\/a>\t\t\n\t\t\t\t\t\t\t\t<a href=\"https:\/\/sustreat.eu\/en\/baufortschritt\/\" target=\"_self\" rel=\"noopener\">\n\t\t\t\t\t\t<\/a>\n\t\t<h3><a href=\"https:\/\/sustreat.eu\/en\/baufortschritt\/\" target=\"_self\" rel=\"noopener\">Baufortschritt<\/a><\/h3>\t\t\n\t\t\t<p>Chronologischer Verlauf der Bauma\u00dfnahmen f\u00fcr Photovoltaikanlage, Kl\u00e4rschlammtrockner und Kl\u00e4rschlammverwertung.<\/p>\n<a href=\"https:\/\/sustreat.eu\/en\/baufortschritt\/\" target=\"_self\" rel=\"noopener\">ZUM BAUFORTSCHRITT<\/a>\t\t\n\t\t<h3>Ergebnis<\/h3>\t\t\n\t\t\t<p><a href=\"https:\/\/sustreat.eu\/wp-content\/uploads\/2022\/02\/210209-project-life-laymans-report-deutsch.pdf\" target=\"_blank\" rel=\"noopener\"> Download Layman&#8217;s Report<\/a><\/p>\n<p><a href=\"https:\/\/sustreat.eu\/wp-content\/uploads\/2022\/02\/211126-communication-plan-life.pdf\" target=\"_blank\" rel=\"noopener\"> Download Communication Plan<\/a><\/p>\n<h2>\n\t\tVeranstaltungen Kl\u00e4rwerk Koblenz \/ SusTreat Projekt\n\t<\/h2>\n\t<meta itemscope itemprop=\"mainEntityOfPage\" itemtype=\"https:\/\/schema.org\/WebPage\" itemid=\"https:\/\/sustreat.eu\/ifat-2018\/\" content=\"IFAT 2018\" \/><meta itemprop=\"datePublished\" content=\"2018-05-08\" \/><meta itemprop=\"dateModified\" content=\"2020-03-13\" \/><meta itemprop=\"name\" content=\"SusTreat - Energieautarkes Kl\u00e4rwerk Koblenz\"\/><meta itemprop=\"url\" content=\"https:\/\/sustreat.eu\/author\/netzmaedchen\/\" \/><meta itemprop=\"name\" content=\"netzmaedchen\" \/><meta itemprop=\"url\" content=\"https:\/\/sustreat.eu\/wp-content\/uploads\/2020\/03\/ifeat-banner.png\" \/><meta itemprop=\"width\" content=\"248\" \/><meta itemprop=\"height\" content=\"197\" \/><meta itemprop=\"interactionType\" content=\"https:\/\/schema.org\/CommentAction\" \/><meta itemprop=\"userInteractionCount\" content=\"0\" \/>\n\t\t\t\t\t<a href=\"https:\/\/sustreat.eu\/en\/ifat-2018\/\" title=\"IFAT 2018\"><\/a>\n\t\t\t\t<img loading=\"lazy\" decoding=\"async\" src=\"https:\/\/sustreat.eu\/wp-content\/uploads\/2020\/03\/ifeat-banner.png\" alt=\"Ifeat Banner\" itemprop=\"image\" data-no-lazy=\"1\" height=\"197\" width=\"248\" title=\"Ifeat Banner\" onerror=\"this.style.display='none'\"  \/>\n\t\t\t\t\t\t\t\t\t<h3 itemprop=\"headline\">\n\t\t\t\t\t\t\t\t\t\t\t\t\t\tIFAT 2018\t\t\t\t\t\t\t\t\t\t\t<\/h3>\n\t<meta itemscope itemprop=\"mainEntityOfPage\" itemtype=\"https:\/\/schema.org\/WebPage\" itemid=\"https:\/\/sustreat.eu\/fachtagung-energiewende-und-klimaschutz-in-kommunen\/\" content=\"Fachtagung: Energiewende und Klimaschutz in Kommunen\" \/><meta itemprop=\"datePublished\" content=\"2015-11-12\" \/><meta itemprop=\"dateModified\" content=\"2020-03-13\" \/><meta itemprop=\"name\" content=\"SusTreat - Energieautarkes Kl\u00e4rwerk Koblenz\"\/><meta itemprop=\"url\" content=\"https:\/\/sustreat.eu\/author\/netzmaedchen\/\" \/><meta itemprop=\"name\" content=\"netzmaedchen\" \/><meta itemprop=\"interactionType\" content=\"https:\/\/schema.org\/CommentAction\" \/><meta itemprop=\"userInteractionCount\" content=\"0\" \/>\n\t\t\t\t\t<a href=\"https:\/\/sustreat.eu\/fachtagung-energiewende-und-klimaschutz-in-kommunen\/\" title=\"Fachtagung: Energiewende und Klimaschutz in Kommunen\"><\/a>\n\t\t\t\t<img loading=\"lazy\" decoding=\"async\" src=\"https:\/\/sustreat.eu\/wp-content\/uploads\/2020\/03\/sustreat-energieautarke-klaeranlage-koblenz-100.jpg\" alt=\"Sustreat Energieautarke Klaeranlage Koblenz 100\" itemprop=\"image\" data-no-lazy=\"1\" height=\"750\" width=\"1000\" title=\"Sustreat Energieautarke Klaeranlage Koblenz 100\" onerror=\"this.style.display='none'\"  \/>\n\t\t\t\t\t\t\t\t\t<h3 itemprop=\"headline\">\n\t\t\t\t\t\t\t\t\t\t\t\t\t\tFachtagung: Energiewende und Klimaschutz in Kommunen\t\t\t\t\t\t\t\t\t\t\t<\/h3>\n\t<meta itemscope itemprop=\"mainEntityOfPage\" itemtype=\"https:\/\/schema.org\/WebPage\" itemid=\"https:\/\/sustreat.eu\/seminar-fuer-klaeranlagenbetreiber\/\" content=\"Seminar f\u00fcr Kl\u00e4ranlagenbetreiber\" \/><meta itemprop=\"datePublished\" content=\"2015-05-08\" \/><meta itemprop=\"dateModified\" content=\"2020-03-23\" \/><meta itemprop=\"name\" content=\"SusTreat - Energieautarkes Kl\u00e4rwerk Koblenz\"\/><meta itemprop=\"url\" content=\"https:\/\/sustreat.eu\/author\/netzmaedchen\/\" \/><meta itemprop=\"name\" content=\"netzmaedchen\" \/><meta itemprop=\"interactionType\" content=\"https:\/\/schema.org\/CommentAction\" \/><meta itemprop=\"userInteractionCount\" content=\"0\" \/>\n\t\t\t\t\t<a href=\"https:\/\/sustreat.eu\/en\/workshop-for-wastewater-treatment-plant-operators\/\" title=\"Seminar f\u00fcr Kl\u00e4ranlagenbetreiber\"><\/a>\n\t\t\t\t<img loading=\"lazy\" decoding=\"async\" src=\"https:\/\/sustreat.eu\/wp-content\/uploads\/2020\/03\/sustreat-energieautarke-klaeranlage-koblenz-100.jpg\" alt=\"Sustreat Energieautarke Klaeranlage Koblenz 100\" itemprop=\"image\" data-no-lazy=\"1\" height=\"750\" width=\"1000\" title=\"Sustreat Energieautarke Klaeranlage Koblenz 100\" onerror=\"this.style.display='none'\"  \/>\n\t\t\t\t\t\t\t\t\t<h3 itemprop=\"headline\">\n\t\t\t\t\t\t\t\t\t\t\t\t\t\tSeminar f\u00fcr Kl\u00e4ranlagenbetreiber\t\t\t\t\t\t\t\t\t\t\t<\/h3>\n\t\t\t\t<ul class='page-numbers'>\n\t<li>1<\/li>\n\t<li><a href=\"https:\/\/sustreat.eu\/page\/2\/?fl_builder\">2<\/a><\/li>\n\t<li><a href=\"https:\/\/sustreat.eu\/page\/3\/?fl_builder\">3<\/a><\/li>\n\t<li><a href=\"https:\/\/sustreat.eu\/page\/4\/?fl_builder\">4<\/a><\/li>\n\t<li><a href=\"https:\/\/sustreat.eu\/page\/2\/?fl_builder\">Weiter &raquo;<\/a><\/li>\n<\/ul>\n\t\t<!-- .pp-content-posts -->\n\t\t\t<a href=\"https:\/\/sustreat.eu\/en\/events\/\" target=\"_self\" role=\"button\" rel=\"noopener\">\n\t\t\t\t\t\t\tAlle Veranstaltungen im \u00dcberblick\n\t\t\t\t\t<\/a>\n\n","protected":false},"excerpt":{"rendered":"<p>SusTreat &#8211; energieautarke Kl\u00e4rschlammbehandlung Demonstration eines neuen L\u00f6sungsansatzes zur vollst\u00e4ndigen Erschlie\u00dfung und Nutzung der abwasser- und kl\u00e4rschlammimmanenten Energiepotenziale in kommunalen Kl\u00e4ranlagen. Mehr zum Projekt EU-gef\u00f6rdertes Pilotprojekt Die EU f\u00f6rdert das Pilotprojekt im Rahmen des &#8220;Life+&#8221;- Programms mit \u00fcber 2 Millionen Euro Projektbeschreibung Lesen Sie alles \u00fcber die Ziele, die Technik und das Energiekonzept des SusTreat &#8230; <a title=\"SusTreat\" class=\"read-more\" href=\"https:\/\/sustreat.eu\/en\/\" aria-label=\"Read more about SusTreat\">Read more<\/a><\/p>\n","protected":false},"author":1,"featured_media":0,"parent":0,"menu_order":10,"comment_status":"closed","ping_status":"open","template":"","meta":{"_acf_changed":false,"_seopress_robots_primary_cat":"","_seopress_titles_title":"","_seopress_titles_desc":"","_seopress_robots_index":"","footnotes":""},"class_list":["post-823","page","type-page","status-publish"],"acf":[],"_links":{"self":[{"href":"https:\/\/sustreat.eu\/en\/wp-json\/wp\/v2\/pages\/823","targetHints":{"allow":["GET"]}}],"collection":[{"href":"https:\/\/sustreat.eu\/en\/wp-json\/wp\/v2\/pages"}],"about":[{"href":"https:\/\/sustreat.eu\/en\/wp-json\/wp\/v2\/types\/page"}],"author":[{"embeddable":true,"href":"https:\/\/sustreat.eu\/en\/wp-json\/wp\/v2\/users\/1"}],"replies":[{"embeddable":true,"href":"https:\/\/sustreat.eu\/en\/wp-json\/wp\/v2\/comments?post=823"}],"version-history":[{"count":3,"href":"https:\/\/sustreat.eu\/en\/wp-json\/wp\/v2\/pages\/823\/revisions"}],"predecessor-version":[{"id":1219,"href":"https:\/\/sustreat.eu\/en\/wp-json\/wp\/v2\/pages\/823\/revisions\/1219"}],"wp:attachment":[{"href":"https:\/\/sustreat.eu\/en\/wp-json\/wp\/v2\/media?parent=823"}],"curies":[{"name":"wp","href":"https:\/\/api.w.org\/{rel}","templated":true}]}}