{"id":896,"date":"2020-03-13T17:10:39","date_gmt":"2020-03-13T16:10:39","guid":{"rendered":"https:\/\/sustreat.eu\/press-archive\/"},"modified":"2020-03-24T16:48:12","modified_gmt":"2020-03-24T15:48:12","slug":"press-archive","status":"publish","type":"page","link":"https:\/\/sustreat.eu\/en\/press-archive\/","title":{"rendered":"Press Archive"},"content":{"rendered":"<h1>\n\t\tPress archive\n\t<\/h1>\n\t<meta itemscope itemprop=\"mainEntityOfPage\" itemtype=\"https:\/\/schema.org\/WebPage\" itemid=\"https:\/\/sustreat.eu\/en\/dwa-mitglieder-rundbrief\/\" content=\"DWA Mitglieder-Rundbrief\" \/><meta itemprop=\"datePublished\" content=\"2018-06-22\" \/><meta itemprop=\"dateModified\" content=\"2018-06-22\" \/><meta itemprop=\"name\" content=\"SusTreat\"><meta itemprop=\"url\" content=\"https:\/\/sustreat.eu\/en\/author\/netzmaedchen\/\" \/><meta itemprop=\"name\" content=\"netzmaedchen\" \/><meta itemprop=\"interactionType\" content=\"https:\/\/schema.org\/CommentAction\" \/><meta itemprop=\"userInteractionCount\" content=\"0\" \/>\n    <h3>DWA Mitglieder-Rundbrief<\/h3>\n    \tRhein-Zeitung 22.06.2018\n        <a href=\"https:\/\/sustreat.eu\/wp-content\/uploads\/2020\/03\/2018-06-dwa-mitglieder-rundbrief.pdf\" target=\"_blank\" rel=\"noopener noreferrer\"> Read Article (PDF)<\/a>\n\t<meta itemscope itemprop=\"mainEntityOfPage\" itemtype=\"https:\/\/schema.org\/WebPage\" itemid=\"https:\/\/sustreat.eu\/en\/stadtentwaesserung-koblenz-praesentiert-sich-nationalem-und-internationalem-publikum\/\" content=\"Stadtentw\u00e4sserung Koblenz pr\u00e4sentiert sich nationalem und Internationalem Publikum\" \/><meta itemprop=\"datePublished\" content=\"2018-05-24\" \/><meta itemprop=\"dateModified\" content=\"2018-05-24\" \/><meta itemprop=\"name\" content=\"SusTreat\"><meta itemprop=\"url\" content=\"https:\/\/sustreat.eu\/en\/author\/netzmaedchen\/\" \/><meta itemprop=\"name\" content=\"netzmaedchen\" \/><meta itemprop=\"interactionType\" content=\"https:\/\/schema.org\/CommentAction\" \/><meta itemprop=\"userInteractionCount\" content=\"0\" \/>\n    <h3>Stadtentw\u00e4sserung Koblenz pr\u00e4sentiert sich nationalem und Internationalem Publikum<\/h3>\n    \tRhein-Zeitung 24.05.2018\n        <a href=\"https:\/\/sustreat.eu\/wp-content\/uploads\/2020\/03\/2018-05-rz-stadtentwaesserung-koblenz-praesentiert-sich-nationalem-und-internationalem-publikum.pdf\" target=\"_blank\" rel=\"noopener noreferrer\"> Read Article (PDF)<\/a>\n\t<meta itemscope itemprop=\"mainEntityOfPage\" itemtype=\"https:\/\/schema.org\/WebPage\" itemid=\"https:\/\/sustreat.eu\/en\/neue-anlage-macht-klaerschlamm-zum-energietraeger\/\" content=\"Neue Anlage macht Kl\u00e4rschlamm zum Energietr\u00e4ger\" \/><meta itemprop=\"datePublished\" content=\"2017-03-22\" \/><meta itemprop=\"dateModified\" content=\"2017-03-22\" \/><meta itemprop=\"name\" content=\"SusTreat\"><meta itemprop=\"url\" content=\"https:\/\/sustreat.eu\/en\/author\/netzmaedchen\/\" \/><meta itemprop=\"name\" content=\"netzmaedchen\" \/><meta itemprop=\"interactionType\" content=\"https:\/\/schema.org\/CommentAction\" \/><meta itemprop=\"userInteractionCount\" content=\"0\" \/>\n    <h3>Neue Anlage macht Kl\u00e4rschlamm zum Energietr\u00e4ger<\/h3>\n    \tRhein-Zeitung 22.03.2017\n        <a href=\"https:\/\/sustreat.eu\/wp-content\/uploads\/2020\/03\/2017-03-rz-neue-anlage-macht-klaerschlamm-zum-energietraeger.pdf\" target=\"_blank\" rel=\"noopener noreferrer\"> Read Article (PDF)<\/a>\n\t<meta itemscope itemprop=\"mainEntityOfPage\" itemtype=\"https:\/\/schema.org\/WebPage\" itemid=\"https:\/\/sustreat.eu\/en\/energieautark-montagebeginn-fuer-die-syngas-anlage-im-klaerwerk-koblenz\/\" content=\"Energieautark: Montagebeginn f\u00fcr die SynGas-Anlage im Kl\u00e4rwerk Koblenz\" \/><meta itemprop=\"datePublished\" content=\"2016-12-08\" \/><meta itemprop=\"dateModified\" content=\"2016-12-08\" \/><meta itemprop=\"name\" content=\"SusTreat\"><meta itemprop=\"url\" content=\"https:\/\/sustreat.eu\/en\/author\/netzmaedchen\/\" \/><meta itemprop=\"name\" content=\"netzmaedchen\" \/><meta itemprop=\"interactionType\" content=\"https:\/\/schema.org\/CommentAction\" \/><meta itemprop=\"userInteractionCount\" content=\"0\" \/>\n    <h3>Energieautark: Montagebeginn f\u00fcr die SynGas-Anlage im Kl\u00e4rwerk Koblenz<\/h3>\n    \tRecyclingPortal.eu 08.12.2016\n        <a href=\"http:\/\/recyclingportal.eu\/Archive\/28227\" target=\"_blank\" rel=\"noopener noreferrer\"> Read Article (online)<\/a>\n\t<meta itemscope itemprop=\"mainEntityOfPage\" itemtype=\"https:\/\/schema.org\/WebPage\" itemid=\"https:\/\/sustreat.eu\/en\/klaerschlammvergaser-wird-installiert\/\" content=\"Kl\u00e4rschlammvergaser wird Installiert\" \/><meta itemprop=\"datePublished\" content=\"2016-12-07\" \/><meta itemprop=\"dateModified\" content=\"2016-12-07\" \/><meta itemprop=\"name\" content=\"SusTreat\"><meta itemprop=\"url\" content=\"https:\/\/sustreat.eu\/en\/author\/netzmaedchen\/\" \/><meta itemprop=\"name\" content=\"netzmaedchen\" \/><meta itemprop=\"interactionType\" content=\"https:\/\/schema.org\/CommentAction\" \/><meta itemprop=\"userInteractionCount\" content=\"0\" \/>\n    <h3>Kl\u00e4rschlammvergaser wird Installiert<\/h3>\n    \tStadt Koblenz 07.12.2016\n        <a href=\"https:\/\/sustreat.eu\/wp-content\/uploads\/2020\/03\/2016-12-07-stadtkoblenz-klaerschlammvergaser-wird-installiert.pdf\" target=\"_blank\" rel=\"noopener noreferrer\"> Read Article (PDF)<\/a>\n\t<meta itemscope itemprop=\"mainEntityOfPage\" itemtype=\"https:\/\/schema.org\/WebPage\" itemid=\"https:\/\/sustreat.eu\/en\/mit-klaerschlamm-wird-schon-bald-energie-erzeugt\/\" content=\"Mit Kl\u00e4rschlamm wird schon bald Energie erzeugt\" \/><meta itemprop=\"datePublished\" content=\"2016-12-07\" \/><meta itemprop=\"dateModified\" content=\"2016-12-07\" \/><meta itemprop=\"name\" content=\"SusTreat\"><meta itemprop=\"url\" content=\"https:\/\/sustreat.eu\/en\/author\/netzmaedchen\/\" \/><meta itemprop=\"name\" content=\"netzmaedchen\" \/><meta itemprop=\"interactionType\" content=\"https:\/\/schema.org\/CommentAction\" \/><meta itemprop=\"userInteractionCount\" content=\"0\" \/>\n    <h3>Mit Kl\u00e4rschlamm wird schon bald Energie erzeugt<\/h3>\n    \tRhein-Zeitung 07.12.2016\n        <a href=\"https:\/\/sustreat.eu\/wp-content\/uploads\/2020\/03\/2016-12-07-rz-klaerschlamm-erzeugt-energie.pdf\" target=\"_blank\" rel=\"noopener noreferrer\"> Read Article (PDF)<\/a>\n\t<meta itemscope itemprop=\"mainEntityOfPage\" itemtype=\"https:\/\/schema.org\/WebPage\" itemid=\"https:\/\/sustreat.eu\/en\/koblenz-klaerschlammvergaser-wird-installiert\/\" content=\"Koblenz &#8211; Kl\u00e4rschlammvergaser wird installiert\" \/><meta itemprop=\"datePublished\" content=\"2016-12-07\" \/><meta itemprop=\"dateModified\" content=\"2016-12-07\" \/><meta itemprop=\"name\" content=\"SusTreat\"><meta itemprop=\"url\" content=\"https:\/\/sustreat.eu\/en\/author\/netzmaedchen\/\" \/><meta itemprop=\"name\" content=\"netzmaedchen\" \/><meta itemprop=\"interactionType\" content=\"https:\/\/schema.org\/CommentAction\" \/><meta itemprop=\"userInteractionCount\" content=\"0\" \/>\n    <h3>Koblenz &#8211; Kl\u00e4rschlammvergaser wird installiert<\/h3>\n    \tMittelrhein-Tageblatt 07.12.2016\n        <a href=\"https:\/\/www.mittelrhein-tageblatt.de\/koblenz-klaerschlammvergaser-wird-installiert-97434\/\" target=\"_blank\" rel=\"noopener noreferrer\"> Read Article (online)<\/a>\n\t<meta itemscope itemprop=\"mainEntityOfPage\" itemtype=\"https:\/\/schema.org\/WebPage\" itemid=\"https:\/\/sustreat.eu\/en\/klaeranlage-koblenz-laeutet-entscheidende-bauphase-ein-montagebeginn-der-suelzle-kopf-syngas-anlage\/\" content=\"Kl\u00e4ranlage Koblenz l\u00e4utet entscheidende Bauphase ein: Montagebeginn der S\u00dcLZLE KOPF SynGas-Anlage\" \/><meta itemprop=\"datePublished\" content=\"2016-12-07\" \/><meta itemprop=\"dateModified\" content=\"2016-12-07\" \/><meta itemprop=\"name\" content=\"SusTreat\"><meta itemprop=\"url\" content=\"https:\/\/sustreat.eu\/en\/author\/netzmaedchen\/\" \/><meta itemprop=\"name\" content=\"netzmaedchen\" \/><meta itemprop=\"interactionType\" content=\"https:\/\/schema.org\/CommentAction\" \/><meta itemprop=\"userInteractionCount\" content=\"0\" \/>\n    <h3>Kl\u00e4ranlage Koblenz l\u00e4utet entscheidende Bauphase ein: Montagebeginn der S\u00dcLZLE KOPF SynGas-Anlage<\/h3>\n    \tS\u00dcLZLE KOPF 07.12.2016\n        <a href=\"https:\/\/suelzle-kopf.de\/montagebeginn-der-suelzle-kopf-syngas-anlage-2\/\" target=\"_blank\" rel=\"noopener noreferrer\"> Read Article (online)<\/a>\n\t<meta itemscope itemprop=\"mainEntityOfPage\" itemtype=\"https:\/\/schema.org\/WebPage\" itemid=\"https:\/\/sustreat.eu\/en\/umruestung-zu-einer-energieautarken-anlage-gestartet\/\" content=\"Umr\u00fcstung zu einer energieautarken Anlage gestartet\" \/><meta itemprop=\"datePublished\" content=\"2016-12-06\" \/><meta itemprop=\"dateModified\" content=\"2016-12-06\" \/><meta itemprop=\"name\" content=\"SusTreat\"><meta itemprop=\"url\" content=\"https:\/\/sustreat.eu\/en\/author\/netzmaedchen\/\" \/><meta itemprop=\"name\" content=\"netzmaedchen\" \/><meta itemprop=\"interactionType\" content=\"https:\/\/schema.org\/CommentAction\" \/><meta itemprop=\"userInteractionCount\" content=\"0\" \/>\n    <h3>Umr\u00fcstung zu einer energieautarken Anlage gestartet<\/h3>\n    \tBlick aktuell 06.12.2016\n        <a href=\"https:\/\/www.blick-aktuell.de\/Berichte\/Umruestung-zu-einerenergieautarken-Anlage-ist-gestartet-238887.html\" target=\"_blank\" rel=\"noopener noreferrer\"> Read Article (online)<\/a>\n\t\t<ul class='page-numbers'>\n\t<li>1<\/li>\n\t<li><a href=\"https:\/\/sustreat.eu\/en\/page\/2\/?page_id=896&#038;fl_builder\">2<\/a><\/li>\n\t<li><a href=\"https:\/\/sustreat.eu\/en\/page\/3\/?page_id=896&#038;fl_builder\">3<\/a><\/li>\n\t<li><a href=\"https:\/\/sustreat.eu\/en\/page\/2\/?page_id=896&#038;fl_builder\">Next &raquo;<\/a><\/li>\n<\/ul>\n","protected":false},"excerpt":{"rendered":"<p>Press archive DWA Mitglieder-Rundbrief Rhein-Zeitung 22.06.2018 Read Article (PDF) Stadtentw\u00e4sserung Koblenz pr\u00e4sentiert sich nationalem und Internationalem Publikum Rhein-Zeitung 24.05.2018 Read Article (PDF) Neue Anlage macht Kl\u00e4rschlamm zum Energietr\u00e4ger Rhein-Zeitung 22.03.2017 Read Article (PDF) Energieautark: Montagebeginn f\u00fcr die SynGas-Anlage im Kl\u00e4rwerk Koblenz RecyclingPortal.eu 08.12.2016 Read Article (online) Kl\u00e4rschlammvergaser wird Installiert Stadt Koblenz 07.12.2016 Read Article (PDF) &#8230; <a title=\"Press Archive\" class=\"read-more\" href=\"https:\/\/sustreat.eu\/en\/press-archive\/\" aria-label=\"Read more about Press Archive\">Read more<\/a><\/p>\n","protected":false},"author":1,"featured_media":0,"parent":0,"menu_order":14,"comment_status":"closed","ping_status":"closed","template":"","meta":{"_acf_changed":false,"_seopress_robots_primary_cat":"","_seopress_titles_title":"","_seopress_titles_desc":"","_seopress_robots_index":"","footnotes":""},"class_list":["post-896","page","type-page","status-publish"],"acf":[],"_links":{"self":[{"href":"https:\/\/sustreat.eu\/en\/wp-json\/wp\/v2\/pages\/896","targetHints":{"allow":["GET"]}}],"collection":[{"href":"https:\/\/sustreat.eu\/en\/wp-json\/wp\/v2\/pages"}],"about":[{"href":"https:\/\/sustreat.eu\/en\/wp-json\/wp\/v2\/types\/page"}],"author":[{"embeddable":true,"href":"https:\/\/sustreat.eu\/en\/wp-json\/wp\/v2\/users\/1"}],"replies":[{"embeddable":true,"href":"https:\/\/sustreat.eu\/en\/wp-json\/wp\/v2\/comments?post=896"}],"version-history":[{"count":5,"href":"https:\/\/sustreat.eu\/en\/wp-json\/wp\/v2\/pages\/896\/revisions"}],"predecessor-version":[{"id":999,"href":"https:\/\/sustreat.eu\/en\/wp-json\/wp\/v2\/pages\/896\/revisions\/999"}],"wp:attachment":[{"href":"https:\/\/sustreat.eu\/en\/wp-json\/wp\/v2\/media?parent=896"}],"curies":[{"name":"wp","href":"https:\/\/api.w.org\/{rel}","templated":true}]}}