{"id":971,"date":"2020-03-12T10:05:13","date_gmt":"2020-03-12T09:05:13","guid":{"rendered":"https:\/\/sustreat.eu\/baufortschritt\/"},"modified":"2020-03-30T15:18:09","modified_gmt":"2020-03-30T13:18:09","slug":"baufortschritt","status":"publish","type":"page","link":"https:\/\/sustreat.eu\/en\/baufortschritt\/","title":{"rendered":"Baufortschritt"},"content":{"rendered":"<h1>\n\t\tSusTreat Projekt &#8211; Baufortschritt\n\t<\/h1>\n\t   \t<ul id=\"menu-submenu-baufortschritt\"><li id=\"menu-item-679\"><a href=\"https:\/\/sustreat.eu\/baufortschritt\/energetische-klaerschlammverwertung\/\" tabindex=\"0\" role=\"link\">Energetische Kl\u00e4rschlammverwertung<\/a><\/li>\n<li id=\"menu-item-680\"><a href=\"https:\/\/sustreat.eu\/baufortschritt\/klaerschlammtrockner-waermerueckgewinnung\/\" tabindex=\"0\" role=\"link\">Trockner f\u00fcr Kl\u00e4rschlamm mit W\u00e4rmer\u00fcckgewinnung<\/a><\/li>\n<li id=\"menu-item-681\"><a href=\"https:\/\/sustreat.eu\/baufortschritt\/wasserkraft-anlage\/\" tabindex=\"0\" role=\"link\">Wasserkraft<\/a><\/li>\n<\/ul>\n","protected":false},"excerpt":{"rendered":"<p>SusTreat Projekt &#8211; Baufortschritt Energetische Kl\u00e4rschlammverwertung Trockner f\u00fcr Kl\u00e4rschlamm mit W\u00e4rmer\u00fcckgewinnung Wasserkraft<\/p>\n","protected":false},"author":1,"featured_media":0,"parent":0,"menu_order":9,"comment_status":"closed","ping_status":"closed","template":"","meta":{"_acf_changed":false,"_seopress_robots_primary_cat":"","_seopress_titles_title":"","_seopress_titles_desc":"","_seopress_robots_index":"","footnotes":""},"class_list":["post-971","page","type-page","status-publish"],"acf":[],"_links":{"self":[{"href":"https:\/\/sustreat.eu\/en\/wp-json\/wp\/v2\/pages\/971","targetHints":{"allow":["GET"]}}],"collection":[{"href":"https:\/\/sustreat.eu\/en\/wp-json\/wp\/v2\/pages"}],"about":[{"href":"https:\/\/sustreat.eu\/en\/wp-json\/wp\/v2\/types\/page"}],"author":[{"embeddable":true,"href":"https:\/\/sustreat.eu\/en\/wp-json\/wp\/v2\/users\/1"}],"replies":[{"embeddable":true,"href":"https:\/\/sustreat.eu\/en\/wp-json\/wp\/v2\/comments?post=971"}],"version-history":[{"count":5,"href":"https:\/\/sustreat.eu\/en\/wp-json\/wp\/v2\/pages\/971\/revisions"}],"predecessor-version":[{"id":1091,"href":"https:\/\/sustreat.eu\/en\/wp-json\/wp\/v2\/pages\/971\/revisions\/1091"}],"wp:attachment":[{"href":"https:\/\/sustreat.eu\/en\/wp-json\/wp\/v2\/media?parent=971"}],"curies":[{"name":"wp","href":"https:\/\/api.w.org\/{rel}","templated":true}]}}